{"id":8,"date":"2023-12-05T07:31:55","date_gmt":"2023-12-05T07:31:55","guid":{"rendered":"https:\/\/ferraradanismanlik.com\/?page_id=8"},"modified":"2023-12-07T05:56:22","modified_gmt":"2023-12-07T05:56:22","slug":"ferrara-danismanlik","status":"publish","type":"page","link":"https:\/\/ferraradanismanlik.com\/","title":{"rendered":"Ferrara Dan\u0131\u015fmanl\u0131k"},"content":{"rendered":"\n<p>Ferrara Dan\u0131\u015fmanl\u0131k D\u00fcnya standartlar\u0131nda \u00fcretimin ana ilkeleri \u00fczerine dan\u0131\u015fmanl\u0131k hizmeti vermektedir.<\/p>\n\n\n\n<p><br>\u00dcretim s\u00fcrecinin neresinde olursan\u0131z olun, israfs\u0131z, verimli ve uygun fiyatl\u0131 \u00fcr\u00fcnler \u00fcretmek listenizin ba\u015f\u0131nda yer almal\u0131d\u0131r. D\u00fcnya standartlar\u0131nda \u00fcretim \u00fc\u00e7 ana prensibe g\u00f6re y\u00f6nlendirilir:<\/p>\n\n\n\n<ol class=\"wp-block-list\">\n<li>\u00dcretim israf\u0131n\u0131 ve maliyetini azaltmak i\u00e7in yal\u0131n \u00fcretim ve tam zaman\u0131nda ilkelerini uygulamak. Tam zaman\u0131nda ve yal\u0131n \u00fcretim ilkeleri, \u00fcretilen \u00fcr\u00fcnlerin ihtiyac\u0131n \u00fczerinde veya \u00f6tesinde olmak yerine m\u00fc\u015fteri talebini kar\u015f\u0131lamas\u0131n\u0131 sa\u011flamak i\u00e7in el ele gider. Bu, m\u00fc\u015fteriye de\u011fer getirmeyen herhangi bir \u00fcretim s\u00fcrecinin ortadan kald\u0131r\u0131lmas\u0131yla ger\u00e7ekle\u015ftirilebilir. \u0130srafa neden olan s\u00fcre\u00e7lere \u00f6rnekler \u015funlar\u0131 i\u00e7erir:<\/li>\n<\/ol>\n\n\n\n<p>Stok fazlas\u0131 ve \u00fcr\u00fcn talebi eksikli\u011fi, <\/p>\n\n\n\n<p>Pahal\u0131 kusurlar\u0131n d\u00fczeltilmesi<br>Gereksiz transport<br>A\u015f\u0131r\u0131 \u00fcretim<br>Bo\u015fta kalan ekipman veya aksama s\u00fcresi<br>Yarars\u0131z \u00fcr\u00fcn \u00f6zellikleri ekleme<\/p>\n\n\n\n<ol class=\"wp-block-list\" start=\"2\">\n<li>Kusur say\u0131s\u0131n\u0131 azaltmak ve m\u00fc\u015fteri deneyimini iyile\u015ftirmek i\u00e7in toplam kalite y\u00f6netimini uygulamak. Toplam kalite y\u00f6netimi, y\u00f6netimden \u00f6n saflardaki personele kadar her \u00e7al\u0131\u015fan\u0131n, \u00fcretim s\u00fcre\u00e7lerini s\u00fcrekli iyile\u015ftirmeye ve y\u00fcksek kaliteli \u00fcr\u00fcnler yaratmaya adanm\u0131\u015f oldu\u011fu fikrine dayanmaktad\u0131r.<\/li>\n\n\n\n<li>Ar\u0131zal\u0131 makine ve ekipmanlara yol a\u00e7abilecek operasyonel ar\u0131zalar\u0131n tespit edilmesine yard\u0131mc\u0131 olmak i\u00e7in toplam verimli bak\u0131m\u0131n ger\u00e7ekle\u015ftirilmesi. Toplam \u00fcretken bak\u0131m (TPM) ilkesi, ekipman g\u00fcvenilirli\u011fini art\u0131rmaya y\u00f6nelik \u00f6nleyici stratejilere odaklanan sekiz s\u00fctundan olu\u015fur.<\/li>\n<\/ol>\n\n\n\n<p>d\u00fcnya standartlar\u0131nda \u00fcretim s\u00fctunlar\u0131<br>D\u00fcnya Klas\u0131nda \u00dcretimin  temelini olu\u015fturan \u00e7e\u015fitli s\u00fctunlar vard\u0131r. Belirli s\u00fctunlar organizasyona ve sekt\u00f6re ba\u011fl\u0131 olarak de\u011fi\u015fiklik g\u00f6sterse de, D\u00fcnya Klas\u0131nda \u00dcretimin en yayg\u0131n olarak tan\u0131nan temellerinden baz\u0131lar\u0131 \u015funlard\u0131r:<\/p>\n\n\n\n<p>\u0130syerinde  G\u00fcvenlik : T\u00fcm \u00e7al\u0131\u015fanlar i\u00e7in g\u00fcvenli bir \u00e7al\u0131\u015fma ortam\u0131 sa\u011flamak WCM&#8217;nin temel dire\u011fidir. Bu, g\u00fcvenlik politikalar\u0131 ve prosed\u00fcrlerinin olu\u015fturulmas\u0131n\u0131 ve uygulanmas\u0131n\u0131, ayr\u0131ca \u00e7al\u0131\u015fanlar\u0131n g\u00fcvenli\u011fini sa\u011flamak i\u00e7in e\u011fitim ve kaynaklar\u0131n sa\u011flanmas\u0131n\u0131 i\u00e7erir.<\/p>\n\n\n\n<p><br>Maliyet Y\u00f6netimi: Maliyet da\u011f\u0131t\u0131m\u0131, \u00fcretim s\u00fcreci boyunca maliyetleri belirlemeye ve azaltmaya y\u00f6nelik sistematik bir yakla\u015f\u0131md\u0131r. Bu, kurulu\u015fun maliyet yap\u0131s\u0131n\u0131 analiz etmeyi ve anlamay\u0131, maliyet azaltma hedeflerini belirlemeyi ve bu hedeflere ula\u015fmak i\u00e7in stratejiler uygulamay\u0131 i\u00e7erir.<\/p>\n\n\n\n<p><br>S\u00fcrekli \u0130yile\u015ftirme: D\u00fcnya Klas\u0131nda \u00dcretimin, \u00fcretim s\u00fcrecinin her y\u00f6n\u00fcn\u00fcn s\u00fcrekli olarak de\u011ferlendirildi\u011fi ve iyile\u015ftirildi\u011fi s\u00fcrekli iyile\u015ftirme felsefesine dayanmaktad\u0131r. Bu sadece s\u00fcre\u00e7leri de\u011fil ayn\u0131 zamanda \u00fcretim s\u00fcrecinde kullan\u0131lan ara\u00e7lar\u0131, ekipmanlar\u0131 ve teknolojiyi de i\u00e7erir.<\/p>\n\n\n\n<p><br>Otonom Bak\u0131m: Otonom bak\u0131m, \u00e7al\u0131\u015fanlar\u0131n ekipman ve makinelerin bak\u0131m\u0131n\u0131 \u00fcstlenmelerini sa\u011flamay\u0131 i\u00e7erir, bu da ar\u0131za s\u00fcresini en aza indirmeye ve bak\u0131m maliyetini d\u00fc\u015f\u00fcrmeye yard\u0131mc\u0131 olur.<\/p>\n\n\n\n<p><br>Profesyonel Bak\u0131m: Bak\u0131m, D\u00fcnya Klas\u0131nda \u00dcretimin kritik bir y\u00f6n\u00fcd\u00fcr ve ar\u0131za s\u00fcresini en aza indirmek ve maliyetleri azaltmak i\u00e7in t\u00fcm ekipman\u0131n optimum seviyelerde \u00e7al\u0131\u015fmas\u0131n\u0131 sa\u011flamay\u0131 i\u00e7erir.<\/p>\n\n\n\n<p><br>Kalite Kontrol: Y\u00fcksek kaliteli \u00fcr\u00fcn ve hizmetler sunmak, m\u00fc\u015fteri memnuniyetini sa\u011flamak ve rekabet \u00fcst\u00fcnl\u00fc\u011f\u00fcn\u00fc s\u00fcrd\u00fcrmek i\u00e7in kritik \u00f6neme sahiptir. Bu s\u00fctun, kalite standartlar\u0131n\u0131n olu\u015fturulmas\u0131n\u0131, kalite kontrol \u00f6nlemlerinin uygulanmas\u0131n\u0131 ve geri bildirim ve veri analizi yoluyla kalitenin s\u00fcrekli iyile\u015ftirilmesini i\u00e7erir.<\/p>\n\n\n\n<p><br>Lojistik ve Malzeme Ak\u0131\u015f\u0131: Verimli lojistik ve malzeme ak\u0131\u015f\u0131, y\u00fcksek d\u00fczeyde \u00fcretkenlik elde etmek ve \u00fcretim s\u00fcrecinde israf\u0131 en aza indirmek i\u00e7in kritik \u00f6neme sahiptir.<\/p>\n\n\n\n<p><br>Erken Ekipman Y\u00f6netimi: Erken Ekipman Y\u00f6netimi (EEM), ar\u0131za s\u00fcresini azaltmak ve verimlili\u011fi art\u0131rmak i\u00e7in ekipman\u0131n performans\u0131n\u0131 tasar\u0131m a\u015famas\u0131ndan itibaren optimize etmeyi i\u00e7erir.<\/p>\n\n\n\n<p><br>\u0130nsan Geli\u015fimi: Becerileri geli\u015ftirmek ve \u00e7al\u0131\u015fanlar\u0131 g\u00fc\u00e7lendirmek, D\u00fcnya Klas\u0131nda \u00dcretimin kritik bir dayana\u011f\u0131d\u0131r. Bu, e\u011fitim ve geli\u015fim f\u0131rsatlar\u0131n\u0131n sa\u011flanmas\u0131n\u0131, s\u00fcrekli iyile\u015ftirme k\u00fclt\u00fcr\u00fcn\u00fcn te\u015fvik edilmesini ve \u00e7al\u0131\u015fanlar\u0131n sorunlar\u0131 belirleme ve \u00e7\u00f6zme konusunda yetkilendirilmesini i\u00e7erir.<\/p>\n\n\n\n<p><br>\u00c7evre: D\u00fcnya Klas\u0131nda \u00dcretimin, \u00e7evresel s\u00fcrd\u00fcr\u00fclebilirli\u011fin \u00f6nemini kabul eder ve kurulu\u015flar\u0131, \u00fcretim s\u00fcre\u00e7lerinde \u00e7evreye duyarl\u0131 uygulamalar\u0131 uygulamaya te\u015fvik eder.<br>Kurulu\u015flar bu on temele odaklanarak y\u00fcksek d\u00fczeyde verimlilik, kalite ve m\u00fc\u015fteri memnuniyeti elde edebilir, ayn\u0131 zamanda \u00fcretim s\u00fcrecinde maliyetleri d\u00fc\u015f\u00fcrebilir ve israf\u0131 en aza indirebilir.<\/p>\n","protected":false},"excerpt":{"rendered":"<p>Ferrara Dan\u0131\u015fmanl\u0131k D\u00fcnya standartlar\u0131nda \u00fcretimin ana ilkeleri \u00fczerine dan\u0131\u015fmanl\u0131k hizmeti vermektedir. \u00dcretim s\u00fcrecinin neresinde olursan\u0131z olun, israfs\u0131z, verimli ve uygun fiyatl\u0131 \u00fcr\u00fcnler \u00fcretmek listenizin ba\u015f\u0131nda&hellip;<\/p>\n","protected":false},"author":1,"featured_media":0,"parent":0,"menu_order":0,"comment_status":"closed","ping_status":"closed","template":"","meta":{"footnotes":""},"class_list":["post-8","page","type-page","status-publish","hentry"],"_links":{"self":[{"href":"https:\/\/ferraradanismanlik.com\/index.php?rest_route=\/wp\/v2\/pages\/8","targetHints":{"allow":["GET"]}}],"collection":[{"href":"https:\/\/ferraradanismanlik.com\/index.php?rest_route=\/wp\/v2\/pages"}],"about":[{"href":"https:\/\/ferraradanismanlik.com\/index.php?rest_route=\/wp\/v2\/types\/page"}],"author":[{"embeddable":true,"href":"https:\/\/ferraradanismanlik.com\/index.php?rest_route=\/wp\/v2\/users\/1"}],"replies":[{"embeddable":true,"href":"https:\/\/ferraradanismanlik.com\/index.php?rest_route=%2Fwp%2Fv2%2Fcomments&post=8"}],"version-history":[{"count":3,"href":"https:\/\/ferraradanismanlik.com\/index.php?rest_route=\/wp\/v2\/pages\/8\/revisions"}],"predecessor-version":[{"id":203,"href":"https:\/\/ferraradanismanlik.com\/index.php?rest_route=\/wp\/v2\/pages\/8\/revisions\/203"}],"wp:attachment":[{"href":"https:\/\/ferraradanismanlik.com\/index.php?rest_route=%2Fwp%2Fv2%2Fmedia&parent=8"}],"curies":[{"name":"wp","href":"https:\/\/api.w.org\/{rel}","templated":true}]}}